{"id":81965,"date":"2024-04-30T09:39:33","date_gmt":"2024-04-30T07:39:33","guid":{"rendered":"https:\/\/rapportdigital2023.cremo.ch\/sites-de-production\/"},"modified":"2024-05-24T12:12:00","modified_gmt":"2024-05-24T10:12:00","slug":"geografische-verteilung","status":"publish","type":"page","link":"https:\/\/rapportdigital2023.cremo.ch\/de\/geografische-verteilung\/","title":{"rendered":"Geografische Verteilung"},"content":{"rendered":"<p>[et_pb_section fb_built=&#8220;1&#8243; _builder_version=&#8220;4.24.0&#8243; _module_preset=&#8220;default&#8220; global_colors_info=&#8220;{}&#8220;][et_pb_row _builder_version=&#8220;4.25.0&#8243; _module_preset=&#8220;default&#8220; custom_margin=&#8220;|auto|0rem|auto|false|false&#8220; global_colors_info=&#8220;{}&#8220;][et_pb_column type=&#8220;4_4&#8243; _builder_version=&#8220;4.24.0&#8243; _module_preset=&#8220;default&#8220; global_colors_info=&#8220;{}&#8220;][et_pb_image src=&#8220;https:\/\/rapportdigital2023.cremo.ch\/wp-content\/uploads\/2024\/04\/Sites-de-production-1.svg&#8220; title_text=&#8220;Sites de production&#8220; _builder_version=&#8220;4.24.0&#8243; _module_preset=&#8220;275f05e7-8424-4890-87eb-48a13d260567&#8243; global_colors_info=&#8220;{}&#8220;][\/et_pb_image][et_pb_text _builder_version=&#8220;4.25.0&#8243; _module_preset=&#8220;51179bc7-6cad-417d-b2ff-d6cdde4376af&#8220; header_3_text_color=&#8220;#B27D57&#8243; global_colors_info=&#8220;{}&#8220;]<\/p>\n<h4>CREMO DIGITALER JAhRESBERICHT \u2013 GESCH\u00c4FTSJAHR 2023<\/h4>\n<h1>Geografische Verteilung<\/h1>\n<p>[\/et_pb_text][\/et_pb_column][\/et_pb_row][\/et_pb_section][et_pb_section fb_built=&#8220;1&#8243; _builder_version=&#8220;4.25.0&#8243; _module_preset=&#8220;default&#8220; global_colors_info=&#8220;{}&#8220;][et_pb_row _builder_version=&#8220;4.25.0&#8243; _module_preset=&#8220;default&#8220; custom_margin=&#8220;||2rem||false|false&#8220; custom_margin_tablet=&#8220;||0rem||false|false&#8220; custom_margin_phone=&#8220;||0rem||false|false&#8220; custom_margin_last_edited=&#8220;on|desktop&#8220; global_colors_info=&#8220;{}&#8220;][et_pb_column type=&#8220;4_4&#8243; _builder_version=&#8220;4.25.0&#8243; _module_preset=&#8220;default&#8220; global_colors_info=&#8220;{}&#8220;][et_pb_text _builder_version=&#8220;4.25.0&#8243; _module_preset=&#8220;default&#8220; header_4_text_align=&#8220;center&#8220; global_colors_info=&#8220;{}&#8220;]<\/p>\n<h2>hauptsitz<\/h2>\n<p>[\/et_pb_text][\/et_pb_column][\/et_pb_row][et_pb_row use_custom_gutter=&#8220;on&#8220; gutter_width=&#8220;2&#8243; make_equal=&#8220;on&#8220; _builder_version=&#8220;4.25.0&#8243; _module_preset=&#8220;default&#8220; width=&#8220;30%&#8220; width_tablet=&#8220;80%&#8220; width_phone=&#8220;80%&#8220; width_last_edited=&#8220;on|tablet&#8220; custom_margin=&#8220;|auto|0rem|auto|false|false&#8220; custom_padding=&#8220;0px||0px||true|false&#8220; animation_style=&#8220;slide&#8220; animation_direction=&#8220;bottom&#8220; animation_duration=&#8220;600ms&#8220; animation_intensity_slide=&#8220;10%&#8220; global_colors_info=&#8220;{}&#8220;][et_pb_column type=&#8220;4_4&#8243; _builder_version=&#8220;4.25.0&#8243; _module_preset=&#8220;default&#8220; background_color=&#8220;#F4E7DB&#8220; custom_padding=&#8220;2rem|2rem|2rem|2rem|true|true&#8220; border_radii=&#8220;on|8px|8px|8px|8px&#8220; global_colors_info=&#8220;{}&#8220;][et_pb_text _builder_version=&#8220;4.25.0&#8243; _module_preset=&#8220;default&#8220; text_text_color=&#8220;#003782&#8243; header_5_text_align=&#8220;left&#8220; header_5_text_color=&#8220;#003782&#8243; global_colors_info=&#8220;{}&#8220;]<\/p>\n<h3 class=\"p1\"><b>Villars-sur-Gl\u00e2ne (FR)<\/b><\/h3>\n<h5>Cremo S.A.<\/h5>\n<p class=\"p1\">Route de Moncor 6<br \/>1752 Villars-sur-Gl\u00e2ne<br \/><span class=\"s1\"><b>T <\/b><\/span>026 407 21 11<\/p>\n<p class=\"p1\"><a href=\"mailto:info@cremo.ch\">info@cremo.ch<\/a><br \/><a href=\"http:\/\/www.cremo.ch\">www.cremo.ch<\/a><\/p>\n<h5 class=\"p1\"><b>Postanschrift:<\/b><\/h5>\n<p class=\"p1\">Postfach<br \/>1701 Fribourg<\/p>\n<p>[\/et_pb_text][\/et_pb_column][\/et_pb_row][\/et_pb_section][et_pb_section fb_built=&#8220;1&#8243; _builder_version=&#8220;4.25.0&#8243; _module_preset=&#8220;default&#8220; global_colors_info=&#8220;{}&#8220;][et_pb_row _builder_version=&#8220;4.25.0&#8243; _module_preset=&#8220;default&#8220; custom_margin=&#8220;||2rem||false|false&#8220; custom_margin_tablet=&#8220;||0rem||false|false&#8220; custom_margin_phone=&#8220;||0rem||false|false&#8220; custom_margin_last_edited=&#8220;on|desktop&#8220; global_colors_info=&#8220;{}&#8220;][et_pb_column type=&#8220;4_4&#8243; _builder_version=&#8220;4.25.0&#8243; _module_preset=&#8220;default&#8220; global_colors_info=&#8220;{}&#8220;][et_pb_text _builder_version=&#8220;4.25.0&#8243; _module_preset=&#8220;default&#8220; header_4_text_align=&#8220;center&#8220; global_colors_info=&#8220;{}&#8220;]<\/p>\n<h2>Produktionsstandorte<\/h2>\n<p>[\/et_pb_text][\/et_pb_column][\/et_pb_row][et_pb_row column_structure=&#8220;1_3,1_3,1_3&#8243; use_custom_gutter=&#8220;on&#8220; gutter_width=&#8220;2&#8243; make_equal=&#8220;on&#8220; _builder_version=&#8220;4.25.0&#8243; _module_preset=&#8220;default&#8220; custom_margin=&#8220;||3rem||false|false&#8220; custom_margin_tablet=&#8220;||2rem||false|false&#8220; custom_margin_phone=&#8220;||2rem||false|false&#8220; custom_margin_last_edited=&#8220;on|phone&#8220; custom_padding=&#8220;0px||0px||true|false&#8220; global_colors_info=&#8220;{}&#8220;][et_pb_column type=&#8220;1_3&#8243; _builder_version=&#8220;4.25.0&#8243; _module_preset=&#8220;default&#8220; background_color=&#8220;#F4E7DB&#8220; custom_padding=&#8220;2rem|2rem|2rem|2rem|true|true&#8220; animation_style=&#8220;slide&#8220; animation_direction=&#8220;bottom&#8220; animation_duration=&#8220;600ms&#8220; animation_intensity_slide=&#8220;15%&#8220; border_radii=&#8220;on|8px|8px|8px|8px&#8220; global_colors_info=&#8220;{}&#8220;][et_pb_text _builder_version=&#8220;4.25.0&#8243; _module_preset=&#8220;default&#8220; text_text_color=&#8220;#003782&#8243; header_5_text_align=&#8220;left&#8220; header_5_text_color=&#8220;#003782&#8243; global_colors_info=&#8220;{}&#8220;]<\/p>\n<h3>Le Mont-sur-Lausanne (VD)<\/h3>\n<h5>Cremo S.A.<\/h5>\n<p>Chemin du Petit-Flon 21<br \/>1052 Le Mont-sur-Lausanne<br \/><strong>T<\/strong> 021 654 42 11<\/p>\n<p>[\/et_pb_text][\/et_pb_column][et_pb_column type=&#8220;1_3&#8243; _builder_version=&#8220;4.25.0&#8243; _module_preset=&#8220;default&#8220; background_color=&#8220;#F4E7DB&#8220; custom_padding=&#8220;2rem|2rem|2rem|2rem|true|true&#8220; animation_style=&#8220;slide&#8220; animation_direction=&#8220;bottom&#8220; animation_duration=&#8220;600ms&#8220; animation_delay=&#8220;150ms&#8220; animation_intensity_slide=&#8220;15%&#8220; border_radii=&#8220;on|8px|8px|8px|8px&#8220; global_colors_info=&#8220;{}&#8220;][et_pb_text _builder_version=&#8220;4.25.0&#8243; _module_preset=&#8220;default&#8220; text_text_color=&#8220;#003782&#8243; header_5_text_align=&#8220;left&#8220; header_5_text_color=&#8220;#003782&#8243; global_colors_info=&#8220;{}&#8220;]<\/p>\n<h3>Sierre (VS)<\/h3>\n<h5>Cremo S.A.<\/h5>\n<p class=\"p1\">Ile Falcon 5<br \/>3960 Sierre<br \/><span class=\"s1\"><b>T <\/b><\/span>027 452 37 11<\/p>\n<p>[\/et_pb_text][\/et_pb_column][et_pb_column type=&#8220;1_3&#8243; _builder_version=&#8220;4.25.0&#8243; _module_preset=&#8220;default&#8220; background_color=&#8220;#F4E7DB&#8220; custom_padding=&#8220;2rem|2rem|2rem|2rem|true|true&#8220; animation_style=&#8220;slide&#8220; animation_direction=&#8220;bottom&#8220; animation_duration=&#8220;600ms&#8220; animation_delay=&#8220;300ms&#8220; animation_intensity_slide=&#8220;15%&#8220; border_radii=&#8220;on|8px|8px|8px|8px&#8220; global_colors_info=&#8220;{}&#8220;][et_pb_text _builder_version=&#8220;4.25.0&#8243; _module_preset=&#8220;default&#8220; text_text_color=&#8220;#003782&#8243; header_5_text_align=&#8220;left&#8220; header_5_text_color=&#8220;#003782&#8243; global_colors_info=&#8220;{}&#8220;]<\/p>\n<h3>Guin (FR)<\/h3>\n<h5>Cremo S.A. &#8211; Von M\u00fchlenen AG<\/h5>\n<p class=\"p1\">Bonnstrasse 1<br \/>3186 Guin<br \/><span class=\"s1\"><b>T <\/b><\/span>026 407 21 11<\/p>\n<p>[\/et_pb_text][\/et_pb_column][\/et_pb_row][et_pb_row column_structure=&#8220;1_3,1_3,1_3&#8243; use_custom_gutter=&#8220;on&#8220; gutter_width=&#8220;2&#8243; make_equal=&#8220;on&#8220; _builder_version=&#8220;4.25.0&#8243; _module_preset=&#8220;default&#8220; custom_margin=&#8220;||3rem||false|false&#8220; custom_margin_tablet=&#8220;||1rem||false|false&#8220; custom_margin_phone=&#8220;||1rem||false|false&#8220; custom_margin_last_edited=&#8220;on|tablet&#8220; custom_padding=&#8220;0px||0px||true|false&#8220; global_colors_info=&#8220;{}&#8220;][et_pb_column type=&#8220;1_3&#8243; _builder_version=&#8220;4.25.0&#8243; _module_preset=&#8220;default&#8220; background_color=&#8220;#F4E7DB&#8220; custom_padding=&#8220;2rem|2rem|2rem|2rem|true|true&#8220; animation_style=&#8220;slide&#8220; animation_direction=&#8220;bottom&#8220; animation_duration=&#8220;600ms&#8220; animation_intensity_slide=&#8220;15%&#8220; border_radii=&#8220;on|8px|8px|8px|8px&#8220; global_colors_info=&#8220;{}&#8220;][et_pb_text _builder_version=&#8220;4.25.0&#8243; _module_preset=&#8220;default&#8220; text_text_color=&#8220;#003782&#8243; header_5_text_align=&#8220;left&#8220; header_5_text_color=&#8220;#003782&#8243; global_colors_info=&#8220;{}&#8220;]<\/p>\n<h3>Kriechenwil (BE)<\/h3>\n<h5>Cremo S.A. \u2013 Fromagerie Waldegg<\/h5>\n<p class=\"p1\">K\u00e4sereistrasse 10<br \/>3179 Kriechenwil<br \/><span class=\"s1\"><b>T <\/b><\/span>026 407 21 11<\/p>\n<p>[\/et_pb_text][\/et_pb_column][et_pb_column type=&#8220;1_3&#8243; _builder_version=&#8220;4.25.0&#8243; _module_preset=&#8220;default&#8220; background_color=&#8220;#F4E7DB&#8220; custom_padding=&#8220;2rem|2rem|2rem|2rem|true|true&#8220; animation_style=&#8220;slide&#8220; animation_direction=&#8220;bottom&#8220; animation_duration=&#8220;600ms&#8220; animation_delay=&#8220;150ms&#8220; animation_intensity_slide=&#8220;15%&#8220; border_radii=&#8220;on|8px|8px|8px|8px&#8220; global_colors_info=&#8220;{}&#8220;][et_pb_text _builder_version=&#8220;4.25.0&#8243; _module_preset=&#8220;default&#8220; text_text_color=&#8220;#003782&#8243; header_5_text_align=&#8220;left&#8220; header_5_text_color=&#8220;#003782&#8243; global_colors_info=&#8220;{}&#8220;]<\/p>\n<h3 class=\"p1\"><b>Tourtemagne (VS)<\/b><\/h3>\n<h5>Cremo S.A.<\/h5>\n<p class=\"p1\">Augstbordk\u00e4serei Turtmann<br \/>K\u00e4sereistrasse 2<br \/>3946 Turtmann<\/p>\n<p>[\/et_pb_text][\/et_pb_column][et_pb_column type=&#8220;1_3&#8243; disabled_on=&#8220;on|on|off&#8220; _builder_version=&#8220;4.25.0&#8243; _module_preset=&#8220;default&#8220; global_colors_info=&#8220;{}&#8220;][\/et_pb_column][\/et_pb_row][\/et_pb_section][et_pb_section fb_built=&#8220;1&#8243; _builder_version=&#8220;4.25.0&#8243; _module_preset=&#8220;default&#8220; global_colors_info=&#8220;{}&#8220;][et_pb_row _builder_version=&#8220;4.25.0&#8243; _module_preset=&#8220;default&#8220; custom_margin=&#8220;||2rem||false|false&#8220; custom_margin_tablet=&#8220;||0rem||false|false&#8220; custom_margin_phone=&#8220;||0rem||false|false&#8220; custom_margin_last_edited=&#8220;on|desktop&#8220; global_colors_info=&#8220;{}&#8220;][et_pb_column type=&#8220;4_4&#8243; _builder_version=&#8220;4.25.0&#8243; _module_preset=&#8220;default&#8220; global_colors_info=&#8220;{}&#8220;][et_pb_text _builder_version=&#8220;4.25.0&#8243; _module_preset=&#8220;default&#8220; header_4_text_align=&#8220;center&#8220; global_colors_info=&#8220;{}&#8220;]<\/p>\n<h2>Petit cr\u00e9mier<\/h2>\n<p>[\/et_pb_text][\/et_pb_column][\/et_pb_row][et_pb_row column_structure=&#8220;1_3,1_3,1_3&#8243; use_custom_gutter=&#8220;on&#8220; gutter_width=&#8220;2&#8243; make_equal=&#8220;on&#8220; _builder_version=&#8220;4.25.0&#8243; _module_preset=&#8220;default&#8220; custom_margin=&#8220;||3rem||false|false&#8220; custom_margin_tablet=&#8220;||2rem||false|false&#8220; custom_margin_phone=&#8220;||2rem||false|false&#8220; custom_margin_last_edited=&#8220;on|tablet&#8220; custom_padding=&#8220;0px||0px||true|false&#8220; global_colors_info=&#8220;{}&#8220;][et_pb_column type=&#8220;1_3&#8243; _builder_version=&#8220;4.25.0&#8243; _module_preset=&#8220;default&#8220; background_color=&#8220;#F4E7DB&#8220; custom_padding=&#8220;2rem|2rem|2rem|2rem|true|true&#8220; border_radii=&#8220;on|8px|8px|8px|8px&#8220; global_colors_info=&#8220;{}&#8220;][et_pb_text _builder_version=&#8220;4.25.0&#8243; _module_preset=&#8220;default&#8220; text_text_color=&#8220;#003782&#8243; header_5_text_align=&#8220;left&#8220; header_5_text_color=&#8220;#003782&#8243; global_colors_info=&#8220;{}&#8220;]<\/p>\n<h3>Villars-sur-Gl\u00e2ne (FR)<\/h3>\n<h5>Petit Cr\u00e9mier<\/h5>\n<p>Route de Moncor 6<br \/>1752 Villars-sur-Gl\u00e2ne<br \/>T 026 407 76 00<\/p>\n<p>[\/et_pb_text][\/et_pb_column][et_pb_column type=&#8220;1_3&#8243; _builder_version=&#8220;4.25.0&#8243; _module_preset=&#8220;default&#8220; background_color=&#8220;#F4E7DB&#8220; custom_padding=&#8220;2rem|2rem|2rem|2rem|true|true&#8220; animation_style=&#8220;slide&#8220; animation_direction=&#8220;bottom&#8220; animation_duration=&#8220;600ms&#8220; animation_delay=&#8220;150ms&#8220; animation_intensity_slide=&#8220;15%&#8220; border_radii=&#8220;on|8px|8px|8px|8px&#8220; global_colors_info=&#8220;{}&#8220;][et_pb_text _builder_version=&#8220;4.25.0&#8243; _module_preset=&#8220;default&#8220; text_text_color=&#8220;#003782&#8243; header_5_text_align=&#8220;left&#8220; header_5_text_color=&#8220;#003782&#8243; global_colors_info=&#8220;{}&#8220;]<\/p>\n<h3>Le Mont-sur-Lausanne (VD)<\/h3>\n<h5>Petit Cr\u00e9mier<\/h5>\n<p class=\"p1\">Chemin du Petit-Flon 21<br \/>1052 Le Mont-sur-Lausanne<br \/>T 021 641 47 50<\/p>\n<p>[\/et_pb_text][\/et_pb_column][et_pb_column type=&#8220;1_3&#8243; _builder_version=&#8220;4.25.0&#8243; _module_preset=&#8220;default&#8220; background_color=&#8220;#F4E7DB&#8220; custom_padding=&#8220;2rem|2rem|2rem|2rem|true|true&#8220; animation_style=&#8220;slide&#8220; animation_direction=&#8220;bottom&#8220; animation_duration=&#8220;600ms&#8220; animation_delay=&#8220;300ms&#8220; animation_intensity_slide=&#8220;15%&#8220; border_radii=&#8220;on|8px|8px|8px|8px&#8220; global_colors_info=&#8220;{}&#8220;][et_pb_text _builder_version=&#8220;4.25.0&#8243; _module_preset=&#8220;default&#8220; text_text_color=&#8220;#003782&#8243; header_5_text_align=&#8220;left&#8220; header_5_text_color=&#8220;#003782&#8243; global_colors_info=&#8220;{}&#8220;]<\/p>\n<h3>Sierre (VS)<\/h3>\n<h5>Petit Cr\u00e9mier<\/h5>\n<p>Ile Falcon 5<br \/>3960 Sierre<br \/>T 027 452 60 70<\/p>\n<p>[\/et_pb_text][\/et_pb_column][\/et_pb_row][et_pb_row column_structure=&#8220;1_3,1_3,1_3&#8243; use_custom_gutter=&#8220;on&#8220; gutter_width=&#8220;2&#8243; make_equal=&#8220;on&#8220; _builder_version=&#8220;4.25.0&#8243; _module_preset=&#8220;default&#8220; custom_margin=&#8220;||3rem||false|false&#8220; custom_margin_tablet=&#8220;||1rem||false|false&#8220; custom_margin_phone=&#8220;||1rem||false|false&#8220; custom_margin_last_edited=&#8220;on|tablet&#8220; custom_padding=&#8220;0px||0px||true|false&#8220; locked=&#8220;off&#8220; global_colors_info=&#8220;{}&#8220;][et_pb_column type=&#8220;1_3&#8243; _builder_version=&#8220;4.25.0&#8243; _module_preset=&#8220;default&#8220; background_color=&#8220;#F4E7DB&#8220; custom_padding=&#8220;2rem|2rem|2rem|2rem|true|true&#8220; animation_style=&#8220;slide&#8220; animation_direction=&#8220;bottom&#8220; animation_duration=&#8220;600ms&#8220; animation_intensity_slide=&#8220;15%&#8220; border_radii=&#8220;on|8px|8px|8px|8px&#8220; global_colors_info=&#8220;{}&#8220;][et_pb_text _builder_version=&#8220;4.25.0&#8243; _module_preset=&#8220;default&#8220; text_text_color=&#8220;#003782&#8243; header_5_text_align=&#8220;left&#8220; header_5_text_color=&#8220;#003782&#8243; global_colors_info=&#8220;{}&#8220;]<\/p>\n<h3>Meyrin (GE)<\/h3>\n<h5>Petit Cr\u00e9mier<\/h5>\n<p class=\"p1\">Route du Nant-d\u2019Avril 107<br \/>1217 Meyrin (GE)<br \/>T 022 780 15 30<\/p>\n<p>[\/et_pb_text][\/et_pb_column][et_pb_column type=&#8220;1_3&#8243; disabled_on=&#8220;on|on|off&#8220; _builder_version=&#8220;4.25.0&#8243; _module_preset=&#8220;default&#8220; global_colors_info=&#8220;{}&#8220;][\/et_pb_column][et_pb_column type=&#8220;1_3&#8243; disabled_on=&#8220;on|on|off&#8220; _builder_version=&#8220;4.25.0&#8243; _module_preset=&#8220;default&#8220; global_colors_info=&#8220;{}&#8220;][\/et_pb_column][\/et_pb_row][\/et_pb_section][et_pb_section fb_built=&#8220;1&#8243; _builder_version=&#8220;4.25.0&#8243; _module_preset=&#8220;default&#8220; global_colors_info=&#8220;{}&#8220;][et_pb_row _builder_version=&#8220;4.25.0&#8243; _module_preset=&#8220;default&#8220; custom_margin=&#8220;||2rem||false|false&#8220; custom_margin_tablet=&#8220;||0rem||false|false&#8220; custom_margin_phone=&#8220;||0rem||false|false&#8220; custom_margin_last_edited=&#8220;on|desktop&#8220; global_colors_info=&#8220;{}&#8220;][et_pb_column type=&#8220;4_4&#8243; _builder_version=&#8220;4.25.0&#8243; _module_preset=&#8220;default&#8220; global_colors_info=&#8220;{}&#8220;][et_pb_text _builder_version=&#8220;4.25.0&#8243; _module_preset=&#8220;default&#8220; header_4_text_align=&#8220;center&#8220; global_colors_info=&#8220;{}&#8220;]<\/p>\n<h2>Boutique du fromage<\/h2>\n<p>[\/et_pb_text][\/et_pb_column][\/et_pb_row][et_pb_row column_structure=&#8220;1_3,1_3,1_3&#8243; use_custom_gutter=&#8220;on&#8220; gutter_width=&#8220;2&#8243; make_equal=&#8220;on&#8220; _builder_version=&#8220;4.25.0&#8243; _module_preset=&#8220;default&#8220; custom_margin=&#8220;||3rem||false|false&#8220; custom_margin_tablet=&#8220;||2rem||false|false&#8220; custom_margin_phone=&#8220;||2rem||false|false&#8220; custom_margin_last_edited=&#8220;on|phone&#8220; custom_padding=&#8220;0px||0px||true|false&#8220; global_colors_info=&#8220;{}&#8220;][et_pb_column type=&#8220;1_3&#8243; _builder_version=&#8220;4.25.0&#8243; _module_preset=&#8220;default&#8220; background_color=&#8220;#F4E7DB&#8220; custom_padding=&#8220;2rem|2rem|2rem|2rem|true|true&#8220; border_radii=&#8220;on|8px|8px|8px|8px&#8220; global_colors_info=&#8220;{}&#8220;][et_pb_text _builder_version=&#8220;4.25.0&#8243; _module_preset=&#8220;default&#8220; text_text_color=&#8220;#003782&#8243; header_5_text_align=&#8220;left&#8220; header_5_text_color=&#8220;#003782&#8243; global_colors_info=&#8220;{}&#8220;]<\/p>\n<h3>Avry-devant-Pont (FR)<\/h3>\n<h5>Boutique du Fromage<\/h5>\n<p>1644 Avry-devant-Pont<br \/>T 026 915 15 25<\/p>\n<p>[\/et_pb_text][\/et_pb_column][et_pb_column type=&#8220;1_3&#8243; _builder_version=&#8220;4.25.0&#8243; _module_preset=&#8220;default&#8220; background_color=&#8220;#F4E7DB&#8220; custom_padding=&#8220;2rem|2rem|2rem|2rem|true|true&#8220; animation_style=&#8220;slide&#8220; animation_direction=&#8220;bottom&#8220; animation_duration=&#8220;600ms&#8220; animation_delay=&#8220;150ms&#8220; animation_intensity_slide=&#8220;15%&#8220; border_radii=&#8220;on|8px|8px|8px|8px&#8220; global_colors_info=&#8220;{}&#8220;][et_pb_text _builder_version=&#8220;4.25.1&#8243; _module_preset=&#8220;default&#8220; text_text_color=&#8220;#003782&#8243; header_5_text_align=&#8220;left&#8220; header_5_text_color=&#8220;#003782&#8243; hover_enabled=&#8220;0&#8243; global_colors_info=&#8220;{}&#8220; sticky_enabled=&#8220;0&#8243;]<\/p>\n<h3>Lully (FR)<\/h3>\n<h5>Boutique du Fromage<\/h5>\n<p class=\"p1\">Rose de la Broye 3<br \/>1470 Lully<br \/>T 026 664 03 35<\/p>\n<p>[\/et_pb_text][\/et_pb_column][et_pb_column type=&#8220;1_3&#8243; disabled_on=&#8220;on|on|off&#8220; _builder_version=&#8220;4.25.0&#8243; _module_preset=&#8220;default&#8220; background_enable_color=&#8220;off&#8220; custom_padding=&#8220;2rem|2rem|2rem|2rem|true|true&#8220; animation_style=&#8220;slide&#8220; animation_direction=&#8220;bottom&#8220; animation_duration=&#8220;600ms&#8220; animation_delay=&#8220;300ms&#8220; animation_intensity_slide=&#8220;15%&#8220; border_radii=&#8220;on|8px|8px|8px|8px&#8220; global_colors_info=&#8220;{}&#8220;][\/et_pb_column][\/et_pb_row][\/et_pb_section]<\/p>\n","protected":false},"excerpt":{"rendered":"<p>CREMO DIGITALER JAhRESBERICHT \u2013 GESCH\u00c4FTSJAHR 2023 Geografische VerteilunghauptsitzVillars-sur-Gl\u00e2ne (FR) Cremo S.A. Route de Moncor 61752 Villars-sur-Gl\u00e2neT 026 407 21 11 info@cremo.chwww.cremo.ch Postanschrift: Postfach1701 FribourgProduktionsstandorteLe Mont-sur-Lausanne (VD) Cremo S.A. Chemin du Petit-Flon 211052 Le Mont-sur-LausanneT 021 654 42 11Sierre (VS) Cremo S.A. Ile Falcon 53960 SierreT 027 452 37 11Guin (FR) Cremo S.A. &#8211; Von M\u00fchlenen AG Bonnstrasse 13186 GuinT 026 407 21 11Kriechenwil (BE) Cremo S.A. \u2013 Fromagerie Waldegg K\u00e4sereistrasse 103179 KriechenwilT 026 407 21 11Tourtemagne (VS) Cremo S.A. Augstbordk\u00e4serei TurtmannK\u00e4sereistrasse 23946 TurtmannPetit cr\u00e9mierVillars-sur-Gl\u00e2ne (FR) Petit Cr\u00e9mier Route de Moncor 61752 Villars-sur-Gl\u00e2neT 026 407 76 00Le Mont-sur-Lausanne (VD) Petit Cr\u00e9mier Chemin du Petit-Flon 211052 Le Mont-sur-LausanneT 021 641 47 50Sierre (VS) Petit Cr\u00e9mier Ile Falcon 53960 SierreT 027 452 60 70Meyrin (GE) Petit Cr\u00e9mier Route du Nant-d\u2019Avril 1071217 Meyrin (GE)T 022 780 15 30Boutique du fromageAvry-devant-Pont (FR) Boutique du Fromage 1644 Avry-devant-PontT 026 915 15 25Lully (FR) Boutique du Fromage Rose de la Broye 31470 LullyT 026 664 03 35<\/p>\n","protected":false},"author":1,"featured_media":0,"parent":0,"menu_order":0,"comment_status":"closed","ping_status":"closed","template":"","meta":{"_et_pb_use_builder":"on","_et_pb_old_content":"","_et_gb_content_width":"","inline_featured_image":false,"footnotes":""},"class_list":["post-81965","page","type-page","status-publish","hentry"],"_links":{"self":[{"href":"https:\/\/rapportdigital2023.cremo.ch\/de\/wp-json\/wp\/v2\/pages\/81965","targetHints":{"allow":["GET"]}}],"collection":[{"href":"https:\/\/rapportdigital2023.cremo.ch\/de\/wp-json\/wp\/v2\/pages"}],"about":[{"href":"https:\/\/rapportdigital2023.cremo.ch\/de\/wp-json\/wp\/v2\/types\/page"}],"author":[{"embeddable":true,"href":"https:\/\/rapportdigital2023.cremo.ch\/de\/wp-json\/wp\/v2\/users\/1"}],"replies":[{"embeddable":true,"href":"https:\/\/rapportdigital2023.cremo.ch\/de\/wp-json\/wp\/v2\/comments?post=81965"}],"version-history":[{"count":15,"href":"https:\/\/rapportdigital2023.cremo.ch\/de\/wp-json\/wp\/v2\/pages\/81965\/revisions"}],"predecessor-version":[{"id":82832,"href":"https:\/\/rapportdigital2023.cremo.ch\/de\/wp-json\/wp\/v2\/pages\/81965\/revisions\/82832"}],"wp:attachment":[{"href":"https:\/\/rapportdigital2023.cremo.ch\/de\/wp-json\/wp\/v2\/media?parent=81965"}],"curies":[{"name":"wp","href":"https:\/\/api.w.org\/{rel}","templated":true}]}}