{"id":81961,"date":"2024-04-02T15:34:06","date_gmt":"2024-04-02T13:34:06","guid":{"rendered":"https:\/\/rapportdigital2023.cremo.ch\/page-daccueil\/"},"modified":"2024-05-15T17:38:51","modified_gmt":"2024-05-15T15:38:51","slug":"page-daccueil","status":"publish","type":"page","link":"https:\/\/rapportdigital2023.cremo.ch\/de\/","title":{"rendered":"Homepage"},"content":{"rendered":"<p>[et_pb_section fb_built=&#8220;1&#8243; custom_padding_last_edited=&#8220;on|phone&#8220; _builder_version=&#8220;4.25.0&#8243; _module_preset=&#8220;default&#8220; background_color=&#8220;#f8ebe0&#8243; background_image=&#8220;https:\/\/rapportdigital2023.cremo.ch\/wp-content\/uploads\/2024\/05\/Fichier-1531@2x-100_avec_fond_16-9_d.jpg&#8220; background_position=&#8220;center_right&#8220; min_height=&#8220;75vh&#8220; min_height_tablet=&#8220;40vh&#8220; min_height_phone=&#8220;50vh&#8220; min_height_last_edited=&#8220;on|phone&#8220; custom_padding=&#8220;0rem||0rem||true|false&#8220; custom_padding_tablet=&#8220;0rem||0rem||true|false&#8220; custom_padding_phone=&#8220;1rem||0rem||false|false&#8220; bottom_divider_repeat=&#8220;1x&#8220; background_last_edited=&#8220;on|phone&#8220; background_position_phone=&#8220;bottom_left&#8220; custom_css_main_element=&#8220;  display: flex;&#8220; custom_css_free_form=&#8220;selector {||  background-size: 80% !important;||}&#8220; locked=&#8220;off&#8220; global_colors_info=&#8220;{}&#8220; custom_css_main_element_last_edited=&#8220;on|phone&#8220; custom_css_main_element_tablet=&#8220; &#8220; custom_css_main_element_phone=&#8220; &#8222;][et_pb_row _builder_version=&#8220;4.24.0&#8243; _module_preset=&#8220;default&#8220; locked=&#8220;off&#8220; global_colors_info=&#8220;{}&#8220;][et_pb_column type=&#8220;4_4&#8243; _builder_version=&#8220;4.24.0&#8243; _module_preset=&#8220;default&#8220; global_colors_info=&#8220;{}&#8220;][et_pb_text module_class=&#8220;hero_title&#8220; _builder_version=&#8220;4.25.0&#8243; _module_preset=&#8220;default&#8220; header_font=&#8220;gt-walsheim-bold|700|||||||&#8220; header_font_size=&#8220;64px&#8220; custom_margin_tablet=&#8220;&#8220; custom_margin_phone=&#8220;||16px||false|false&#8220; custom_margin_last_edited=&#8220;on|phone&#8220; global_colors_info=&#8220;{}&#8220;]<\/p>\n<h1><span class=\"title-special\">2023<\/span><br \/>Jahresbericht<\/h1>\n<p>[\/et_pb_text][et_pb_button button_url=&#8220;#entdecken&#8220; button_text=&#8220;Entdecken&#8220; button_alignment=&#8220;left&#8220; _builder_version=&#8220;4.25.0&#8243; _module_preset=&#8220;default&#8220; locked=&#8220;off&#8220; global_colors_info=&#8220;{}&#8220; button_bg_enable_color__hover=&#8220;on&#8220; button_bg_color__hover_enabled=&#8220;on|hover&#8220; button_bg_color__hover=&#8220;#e0e0e0&#8243;][\/et_pb_button][\/et_pb_column][\/et_pb_row][\/et_pb_section][et_pb_section fb_built=&#8220;1&#8243; _builder_version=&#8220;4.24.0&#8243; _module_preset=&#8220;default&#8220; global_colors_info=&#8220;{}&#8220;][et_pb_row _builder_version=&#8220;4.25.0&#8243; _module_preset=&#8220;default&#8220; width=&#8220;100%&#8220; width_tablet=&#8220;80%&#8220; width_phone=&#8220;80%&#8220; width_last_edited=&#8220;on|phone&#8220; custom_padding=&#8220;0px||0px||false|false&#8220; global_colors_info=&#8220;{}&#8220;][et_pb_column type=&#8220;4_4&#8243; _builder_version=&#8220;4.24.0&#8243; _module_preset=&#8220;default&#8220; global_colors_info=&#8220;{}&#8220;][et_pb_text _builder_version=&#8220;4.25.0&#8243; _module_preset=&#8220;default&#8220; header_2_text_align=&#8220;left&#8220; max_width=&#8220;65%&#8220; max_width_tablet=&#8220;100%&#8220; max_width_phone=&#8220;100%&#8220; max_width_last_edited=&#8220;on|desktop&#8220; module_alignment=&#8220;center&#8220; custom_margin=&#8220;||1rem||false|false&#8220; global_colors_info=&#8220;{}&#8220;]<\/p>\n<h2>editorial<\/h2>\n<h3 class=\"p1\">Liebe Aktion\u00e4rinnen und Aktion\u00e4re<\/h3>\n<p>[\/et_pb_text][\/et_pb_column][\/et_pb_row][et_pb_row _builder_version=&#8220;4.25.0&#8243; _module_preset=&#8220;default&#8220; width=&#8220;100%&#8220; width_tablet=&#8220;80%&#8220; width_phone=&#8220;80%&#8220; width_last_edited=&#8220;on|phone&#8220; custom_margin=&#8220;|auto|32px|auto||&#8220; global_colors_info=&#8220;{}&#8220;][et_pb_column type=&#8220;4_4&#8243; _builder_version=&#8220;4.24.0&#8243; _module_preset=&#8220;default&#8220; global_colors_info=&#8220;{}&#8220;][et_pb_text _builder_version=&#8220;4.25.0&#8243; _module_preset=&#8220;default&#8220; header_2_text_align=&#8220;left&#8220; max_width=&#8220;65%&#8220; max_width_tablet=&#8220;100%&#8220; max_width_phone=&#8220;100%&#8220; max_width_last_edited=&#8220;on|desktop&#8220; module_alignment=&#8220;center&#8220; custom_css_free_form=&#8220;selector .dsm-readmore-btn-wrapper {||  width: 100% !important;||}&#8220; dsm_modules_readmore=&#8220;on&#8220; dsm_modules_readmore_height=&#8220;340px&#8220; dsm_modules_readmore_more_link_text=&#8220;weiterlesen&#8220; dsm_modules_readmore_less_link_text=&#8220;schliessen&#8220; dsm_modules_readmore_font=&#8220;gt-walsheim-regular||||||||&#8220; dsm_modules_readmore_font_size=&#8220;16px&#8220; dsm_modules_readmore_link_color=&#8220;#B27D57&#8243; global_colors_info=&#8220;{}&#8220;]<\/p>\n<p>Das Jahr 2023 war f\u00fcr Cremo das Jahr der Metamorphose. Zun\u00e4chst wurde die F\u00fchrungsstruktur verst\u00e4rkt, sei es im Verwaltungsrat mit der Aufnahme von drei neuen Mitgliedern oder in der Gesch\u00e4ftsleitung mit der Schaffung von drei neuen Abteilungen: Supply Chain, Marketing und Informatik.<\/p>\n<p>Diese Ver\u00e4nderungen sind f\u00fcr den Erfolg der im Fr\u00fchjahr 2023 eingeleiteten Transformation mit dem Titel CAP 2027 unerl\u00e4sslich und bilden die <strong>erste Achse<\/strong> der Unternehmenstransformation. Sie erm\u00f6glichen es, unsere Organisation und unser Betriebsmodell zu optimieren, zu vereinfachen und zu modernisieren, um das Unternehmen besser steuern zu k\u00f6nnen. In diesem Zusammenhang stellt die Einf\u00fchrung eines neuen ERP-Systems eine absolute Priorit\u00e4t dar. Ein erster wichtiger Meilenstein wurde Ende des Jahres mit der Implementierung der Module Finanzen und Lieferanten erreicht. Weitere Projekte wie die Optimierung unseres Gesch\u00e4ftsbereichs &#8222;Petit Cr\u00e9mier&#8220; und die Einf\u00fchrung fehlender oder nicht dokumentierter Prozesse sind im Gange.<\/p>\n<p><span><span class=\"ui-provider a b c d e f g h i j k l m n o p q r s t u v w x y z ab ac ae af ag ah ai aj ak\" dir=\"ltr\">Die <strong>zweite Achse<\/strong> der Unternehmenstransformation ist die Konzentration auf das Kerngesch\u00e4ft, das in der Beschaffung, Verarbeitung und Valorisierung von Milch besteht. Diese Konzentration entlastet uns und erm\u00f6glicht, gezielter zu investieren. Mit der Auslagerung der Transporte unserer Endprodukte an exzellente Partner Anfang 2024, die ohne jegliche Entlassungen erfolgte, hat Cremo einen Meilenstein gesetzt. Dieser wird dank der Kompetenzen unserer Partner auch der Entwicklung unserer Logistikaktivit\u00e4ten zugutekommen.<\/span><\/span><\/p>\n<p>Die Entwicklung der Unternehmenskultur und die St\u00e4rkung der Kommunikation bilden zusammen mit der Schaffung neuer Instrumente, die eine schnellere und interaktive Kommunikation erm\u00f6glichen, die<strong> dritte Achse<\/strong> der Transformation. Die Mitarbeitenden sind das R\u00fcckgrat unseres Unternehmens. Wir haben das Gl\u00fcck, engagierte Mitarbeiterinnen und Mitarbeiter zu haben, und wir m\u00f6chten, dass sie sich in Zukunft bei Cremo weiterentwickeln k\u00f6nnen. Dies wird auch durch die Einf\u00fchrung neuer Werte, das Setzen von Zielen, eine Leistungskultur und die F\u00f6rderung von Talenten geschehen.<\/p>\n<p>Die <strong>vierte Achse<\/strong> der Transformation besteht darin, das Vertrauen der Kunden zu st\u00e4rken und die Konsumenten in den Mittelpunkt unserer \u00dcberlegungen zu stellen, um in den kommenden Jahren zu einer Markenstrategie \u00fcberzugehen. Erfreulich sind die bereits erzielten Verbesserungen im Bereich der Qualit\u00e4tssicherung und des Kundenservice. Zudem wird derzeit das ganze Sortiment \u00fcberarbeitet. Dadurch werden wir uns nicht nur auf profitable Artikel und unsere starken Marken mit Entwicklungspotenzial konzentrieren k\u00f6nnen, sondern auch die Komplexit\u00e4t deutlich verringern.<\/p>\n<p><span><span class=\"ui-provider a b c d e f g h i j k l m n o p q r s t u v w x y z ab ac ae af ag ah ai aj ak\" dir=\"ltr\">Obwohl Cremo bereits die ersten Fr\u00fcchte ihrer laufenden Transformation ernten konnte, ist das negative Jahresergebnis 2023 von CHF 20.3 Millionen alles andere als zufriedenstellend. Das EBIT hat sich jedoch im Vergleich zum Vorjahr um CHF 12.5 Millionen verbessert, das den ausserordentlichen Gewinn des Verkaufs des Standortes Steffisburg nicht ber\u00fccksichtigt. Ferner konnte das EBITDA im Vergleich zu 2022 mehr als vervierfacht werden und die <\/span><\/span>Eigenkapitalstruktur ist nach wie vor solide. Cremo wird den Weg der Sanierung mit Strenge, Entschlossenheit und Realismus fortsetzen, um das finanzielle Gleichgewicht bis sp\u00e4testens 2026 zu erreichen.<\/p>\n<p>Im Namen des Verwaltungsrats und der Gesch\u00e4ftsleitung von Cremo bedanken wir uns herzlich bei unseren Mitarbeiterinnen und Mitarbeitern, unseren Lieferantinnen und Lieferanten sowie unseren Partnern, die sich t\u00e4glich f\u00fcr das gute Funktionieren des Unternehmens einsetzen. Auch Ihnen, liebe Aktion\u00e4rinnen und Aktion\u00e4re, sprechen wir unseren Dank f\u00fcr Ihre Unterst\u00fctzung und Ihr Vertrauen in dieser f\u00fcr das Unternehmen intensiven und anspruchsvollen Transformationsphase aus.<\/p>\n<p>[\/et_pb_text][et_pb_text _builder_version=&#8220;4.25.0&#8243; _module_preset=&#8220;default&#8220; header_2_text_align=&#8220;left&#8220; header_5_text_align=&#8220;left&#8220; max_width=&#8220;65%&#8220; max_width_tablet=&#8220;100%&#8220; max_width_phone=&#8220;100%&#8220; max_width_last_edited=&#8220;on|desktop&#8220; module_alignment=&#8220;center&#8220; custom_margin=&#8220;||1rem||false|false&#8220; locked=&#8220;off&#8220; global_colors_info=&#8220;{}&#8220;]<\/p>\n<div style=\"display: flex; align-items: flex-end; height: 200px; gap: 3rem;\">\n<div>\n<p><img loading=\"lazy\" decoding=\"async\" src=\"https:\/\/rapportdigital2023.cremo.ch\/wp-content\/uploads\/2024\/05\/R.Perroud.png\" width=\"81\" height=\"85\" alt=\"\" class=\"wp-image-82108 alignnone size-full\" \/><\/p>\n<h5>Ralph Perroud<br \/>CEO<\/h5>\n<\/div>\n<div>\n<p><img loading=\"lazy\" decoding=\"async\" src=\"https:\/\/rapportdigital2023.cremo.ch\/wp-content\/uploads\/2024\/05\/Signature-G.Godel_.png\" width=\"118\" height=\"66\" style=\"max-width: 150px;\" class=\"wp-image-81692 alignnone size-full\" \/><\/p>\n<h5>Georges Godel<br \/>Pr\u00e4sident<\/h5>\n<\/div>\n<\/div>\n<p>[\/et_pb_text][\/et_pb_column][\/et_pb_row][et_pb_row _builder_version=&#8220;4.25.0&#8243; _module_preset=&#8220;default&#8220; locked=&#8220;off&#8220; global_colors_info=&#8220;{}&#8220; width__hover_enabled=&#8220;off|desktop&#8220;][et_pb_column type=&#8220;4_4&#8243; _builder_version=&#8220;4.25.0&#8243; _module_preset=&#8220;default&#8220; global_colors_info=&#8220;{}&#8220;][et_pb_image src=&#8220;https:\/\/rapportdigital2023.cremo.ch\/wp-content\/uploads\/2024\/05\/Godel_Perroud-02.jpg&#8220; title_text=&#8220;Godel_Perroud-02&#8243; align=&#8220;center&#8220; _builder_version=&#8220;4.25.0&#8243; _module_preset=&#8220;default&#8220; max_width=&#8220;65%&#8220; max_width_tablet=&#8220;100%&#8220; max_width_phone=&#8220;100%&#8220; max_width_last_edited=&#8220;on|tablet&#8220; global_colors_info=&#8220;{}&#8220;][\/et_pb_image][\/et_pb_column][\/et_pb_row][\/et_pb_section][et_pb_section fb_built=&#8220;1&#8243; prev_background_color=&#8220;#ffffff&#8220; next_background_color=&#8220;#ffffff&#8220; module_id=&#8220;entdecken&#8220; _builder_version=&#8220;4.25.0&#8243; _module_preset=&#8220;default&#8220; background_color=&#8220;#F4E7DB&#8220; top_divider_style=&#8220;wave&#8220; bottom_divider_style=&#8220;wave&#8220; global_colors_info=&#8220;{}&#8220;][et_pb_row column_structure=&#8220;1_3,1_3,1_3&#8243; _builder_version=&#8220;4.25.0&#8243; _module_preset=&#8220;default&#8220; custom_margin=&#8220;|auto|4rem|auto|false|false&#8220; custom_margin_tablet=&#8220;||0rem||false|false&#8220; custom_margin_phone=&#8220;||0rem||false|false&#8220; custom_margin_last_edited=&#8220;on|tablet&#8220; global_colors_info=&#8220;{}&#8220;][et_pb_column type=&#8220;1_3&#8243; _builder_version=&#8220;4.25.0&#8243; _module_preset=&#8220;default&#8220; animation_style=&#8220;slide&#8220; animation_direction=&#8220;bottom&#8220; animation_duration=&#8220;600ms&#8220; animation_intensity_slide=&#8220;10%&#8220; animation_speed_curve=&#8220;ease&#8220; global_colors_info=&#8220;{}&#8220;][dsm_card title=&#8220;Rohstoffe&#8220; image=&#8220;https:\/\/rapportdigital2023.cremo.ch\/wp-content\/uploads\/2024\/04\/Matiere-premiere-1-1.svg&#8220; image_as_background=&#8220;off&#8220; button_text=&#8220;L&#8220; button_url=&#8220;@ET-DC@eyJkeW5hbWljIjp0cnVlLCJjb250ZW50IjoicG9zdF9saW5rX3VybF9wYWdlIiwic2V0dGluZ3MiOnsicG9zdF9pZCI6IjI4OTYzIn19@&#8220; _builder_version=&#8220;4.25.0&#8243; _dynamic_attributes=&#8220;link_option_url,button_url&#8220; _module_preset=&#8220;default&#8220; header_font=&#8220;gt-walsheim-medium|&#8211;et_global_heading_font_weight|||||||&#8220; header_font_size=&#8220;24px&#8220; link_option_url=&#8220;@ET-DC@eyJkeW5hbWljIjp0cnVlLCJjb250ZW50IjoicG9zdF9saW5rX3VybF9wYWdlIiwic2V0dGluZ3MiOnsicG9zdF9pZCI6IjI4OTYzIn19@&#8220; global_colors_info=&#8220;{}&#8220; button_bg_enable_color__hover=&#8220;on&#8220; button_border_width__hover_enabled=&#8220;off|desktop&#8220; button_border_width__hover=&#8220;0px&#8220;][\/dsm_card][\/et_pb_column][et_pb_column type=&#8220;1_3&#8243; _builder_version=&#8220;4.25.0&#8243; _module_preset=&#8220;default&#8220; animation_style=&#8220;slide&#8220; animation_direction=&#8220;bottom&#8220; animation_duration=&#8220;600ms&#8220; animation_delay=&#8220;50ms&#8220; animation_intensity_slide=&#8220;10%&#8220; animation_speed_curve=&#8220;ease&#8220; global_colors_info=&#8220;{}&#8220;][dsm_card title=&#8220;Highlights&#8220; image=&#8220;https:\/\/rapportdigital2023.cremo.ch\/wp-content\/uploads\/2024\/04\/Points-forts-1.svg&#8220; image_as_background=&#8220;off&#8220; button_text=&#8220;L&#8220; button_url=&#8220;@ET-DC@eyJkeW5hbWljIjp0cnVlLCJjb250ZW50IjoicG9zdF9saW5rX3VybF9wYWdlIiwic2V0dGluZ3MiOnsicG9zdF9pZCI6IjgxMzkzIn19@&#8220; _builder_version=&#8220;4.25.0&#8243; _dynamic_attributes=&#8220;link_option_url,button_url&#8220; _module_preset=&#8220;default&#8220; header_font=&#8220;gt-walsheim-medium|&#8211;et_global_heading_font_weight|||||||&#8220; header_font_size=&#8220;24px&#8220; link_option_url=&#8220;@ET-DC@eyJkeW5hbWljIjp0cnVlLCJjb250ZW50IjoicG9zdF9saW5rX3VybF9wYWdlIiwic2V0dGluZ3MiOnsicG9zdF9pZCI6IjgxMzkzIn19@&#8220; global_colors_info=&#8220;{}&#8220; button_bg_enable_color__hover=&#8220;on&#8220; button_border_width__hover_enabled=&#8220;off|desktop&#8220; button_border_width__hover=&#8220;0px&#8220;][\/dsm_card][\/et_pb_column][et_pb_column type=&#8220;1_3&#8243; _builder_version=&#8220;4.25.0&#8243; _module_preset=&#8220;default&#8220; animation_style=&#8220;slide&#8220; animation_direction=&#8220;bottom&#8220; animation_duration=&#8220;600ms&#8220; animation_delay=&#8220;100ms&#8220; animation_intensity_slide=&#8220;10%&#8220; animation_speed_curve=&#8220;ease&#8220; global_colors_info=&#8220;{}&#8220;][dsm_card title=&#8220;Mitarbeiter &#038; Mitarbeiterinnen&#8220; image=&#8220;https:\/\/rapportdigital2023.cremo.ch\/wp-content\/uploads\/2024\/04\/Collaborateurs-1.svg&#8220; image_as_background=&#8220;off&#8220; button_text=&#8220;L&#8220; button_url=&#8220;@ET-DC@eyJkeW5hbWljIjp0cnVlLCJjb250ZW50IjoicG9zdF9saW5rX3VybF9wYWdlIiwic2V0dGluZ3MiOnsicG9zdF9pZCI6IjgxNTgzIn19@&#8220; _builder_version=&#8220;4.25.0&#8243; _dynamic_attributes=&#8220;button_url,link_option_url&#8220; _module_preset=&#8220;default&#8220; header_font=&#8220;gt-walsheim-medium|&#8211;et_global_heading_font_weight|||||||&#8220; header_font_size=&#8220;24px&#8220; link_option_url=&#8220;@ET-DC@eyJkeW5hbWljIjp0cnVlLCJjb250ZW50IjoicG9zdF9saW5rX3VybF9wYWdlIiwic2V0dGluZ3MiOnsicG9zdF9pZCI6IjgxOTc2In19@&#8220; global_colors_info=&#8220;{}&#8220; button_bg_enable_color__hover=&#8220;on&#8220; button_border_width__hover_enabled=&#8220;off|desktop&#8220; button_border_width__hover=&#8220;0px&#8220;][\/dsm_card][\/et_pb_column][\/et_pb_row][et_pb_row column_structure=&#8220;1_3,1_3,1_3&#8243; _builder_version=&#8220;4.25.0&#8243; _module_preset=&#8220;default&#8220; global_colors_info=&#8220;{}&#8220;][et_pb_column type=&#8220;1_3&#8243; _builder_version=&#8220;4.25.0&#8243; _module_preset=&#8220;default&#8220; animation_style=&#8220;slide&#8220; animation_direction=&#8220;bottom&#8220; animation_duration=&#8220;600ms&#8220; animation_delay=&#8220;150ms&#8220; animation_intensity_slide=&#8220;10%&#8220; animation_speed_curve=&#8220;ease&#8220; global_colors_info=&#8220;{}&#8220;][dsm_card title=&#8220;Gesch\u00e4ftsgang&#8220; image=&#8220;https:\/\/rapportdigital2023.cremo.ch\/wp-content\/uploads\/2024\/04\/Evolutions-des-activites-1.svg&#8220; image_as_background=&#8220;off&#8220; button_text=&#8220;L&#8220; button_url=&#8220;@ET-DC@eyJkeW5hbWljIjp0cnVlLCJjb250ZW50IjoicG9zdF9saW5rX3VybF9wYWdlIiwic2V0dGluZ3MiOnsicG9zdF9pZCI6IjI5MDMyIn19@&#8220; _builder_version=&#8220;4.25.0&#8243; _dynamic_attributes=&#8220;link_option_url,button_url&#8220; _module_preset=&#8220;default&#8220; header_font=&#8220;gt-walsheim-medium|&#8211;et_global_heading_font_weight|||||||&#8220; header_font_size=&#8220;24px&#8220; link_option_url=&#8220;@ET-DC@eyJkeW5hbWljIjp0cnVlLCJjb250ZW50IjoicG9zdF9saW5rX3VybF9wYWdlIiwic2V0dGluZ3MiOnsicG9zdF9pZCI6IjI5MDMyIn19@&#8220; global_colors_info=&#8220;{}&#8220; button_bg_enable_color__hover=&#8220;on&#8220; button_border_width__hover_enabled=&#8220;off|desktop&#8220; button_border_width__hover=&#8220;0px&#8220;][\/dsm_card][\/et_pb_column][et_pb_column type=&#8220;1_3&#8243; _builder_version=&#8220;4.25.0&#8243; _module_preset=&#8220;default&#8220; animation_style=&#8220;slide&#8220; animation_direction=&#8220;bottom&#8220; animation_duration=&#8220;600ms&#8220; animation_delay=&#8220;200ms&#8220; animation_intensity_slide=&#8220;10%&#8220; animation_speed_curve=&#8220;ease&#8220; global_colors_info=&#8220;{}&#8220;][dsm_card title=&#8220;Geografische Verteilung&#8220; image=&#8220;https:\/\/rapportdigital2023.cremo.ch\/wp-content\/uploads\/2024\/04\/Sites-de-production-1.svg&#8220; image_as_background=&#8220;off&#8220; button_text=&#8220;L&#8220; button_url=&#8220;@ET-DC@eyJkeW5hbWljIjp0cnVlLCJjb250ZW50IjoicG9zdF9saW5rX3VybF9wYWdlIiwic2V0dGluZ3MiOnsicG9zdF9pZCI6IjI5MDY2In19@&#8220; _builder_version=&#8220;4.25.0&#8243; _dynamic_attributes=&#8220;button_url,link_option_url&#8220; _module_preset=&#8220;default&#8220; header_font=&#8220;gt-walsheim-medium|&#8211;et_global_heading_font_weight|||||||&#8220; header_font_size=&#8220;24px&#8220; link_option_url=&#8220;@ET-DC@eyJkeW5hbWljIjp0cnVlLCJjb250ZW50IjoicG9zdF9saW5rX3VybF9wYWdlIiwic2V0dGluZ3MiOnsicG9zdF9pZCI6IjgxOTY1In19@&#8220; hover_enabled=&#8220;0&#8243; global_colors_info=&#8220;{}&#8220; button_bg_enable_color__hover=&#8220;on&#8220; button_border_width__hover_enabled=&#8220;off|desktop&#8220; button_border_width__hover=&#8220;0px&#8220; sticky_enabled=&#8220;0&#8243;][\/dsm_card][\/et_pb_column][et_pb_column type=&#8220;1_3&#8243; _builder_version=&#8220;4.25.0&#8243; _module_preset=&#8220;default&#8220; animation_style=&#8220;slide&#8220; animation_direction=&#8220;bottom&#8220; animation_duration=&#8220;600ms&#8220; animation_delay=&#8220;250ms&#8220; animation_intensity_slide=&#8220;10%&#8220; animation_speed_curve=&#8220;ease&#8220; global_colors_info=&#8220;{}&#8220;][dsm_card title=&#8220;Finanzen&#8220; image=&#8220;https:\/\/rapportdigital2023.cremo.ch\/wp-content\/uploads\/2024\/04\/Finances-1.svg&#8220; image_as_background=&#8220;off&#8220; button_text=&#8220;L&#8220; button_url=&#8220;@ET-DC@eyJkeW5hbWljIjp0cnVlLCJjb250ZW50IjoicG9zdF9saW5rX3VybF9wYWdlIiwic2V0dGluZ3MiOnsicG9zdF9pZCI6IjgxOTU3In19@&#8220; _builder_version=&#8220;4.25.0&#8243; _dynamic_attributes=&#8220;button_url,link_option_url&#8220; _module_preset=&#8220;default&#8220; header_font=&#8220;gt-walsheim-medium|&#8211;et_global_heading_font_weight|||||||&#8220; header_font_size=&#8220;24px&#8220; link_option_url=&#8220;@ET-DC@eyJkeW5hbWljIjp0cnVlLCJjb250ZW50IjoicG9zdF9saW5rX3VybF9wYWdlIiwic2V0dGluZ3MiOnsicG9zdF9pZCI6IjgxOTU3In19@&#8220; global_colors_info=&#8220;{}&#8220; button_bg_enable_color__hover=&#8220;on&#8220; button_border_width__hover_enabled=&#8220;off|desktop&#8220; button_border_width__hover=&#8220;0px&#8220;][\/dsm_card][\/et_pb_column][\/et_pb_row][\/et_pb_section][et_pb_section fb_built=&#8220;1&#8243; _builder_version=&#8220;4.24.0&#8243; _module_preset=&#8220;default&#8220; global_colors_info=&#8220;{}&#8220;][et_pb_row _builder_version=&#8220;4.25.0&#8243; _module_preset=&#8220;default&#8220; width=&#8220;50%&#8220; width_tablet=&#8220;80%&#8220; width_phone=&#8220;80%&#8220; width_last_edited=&#8220;on|phone&#8220; custom_css_main_element=&#8220;  display: flex;||  align-items: center;&#8220; global_colors_info=&#8220;{}&#8220; custom_css_main_element_last_edited=&#8220;on|phone&#8220; custom_css_main_element_tablet=&#8220; &#8220; custom_css_main_element_phone=&#8220; &#8222;][et_pb_column type=&#8220;4_4&#8243; _builder_version=&#8220;4.24.0&#8243; _module_preset=&#8220;default&#8220; global_colors_info=&#8220;{}&#8220;][et_pb_text _builder_version=&#8220;4.25.0&#8243; _module_preset=&#8220;default&#8220; text_orientation=&#8220;center&#8220; max_width=&#8220;100%&#8220; max_width_tablet=&#8220;100%&#8220; max_width_phone=&#8220;100%&#8220; max_width_last_edited=&#8220;on|desktop&#8220; module_alignment=&#8220;center&#8220; global_colors_info=&#8220;{}&#8220;]<\/p>\n<h2>Organe von Cremo<\/h2>\n<p>[\/et_pb_text][et_pb_button button_url=&#8220;@ET-DC@eyJkeW5hbWljIjp0cnVlLCJjb250ZW50IjoicG9zdF9saW5rX3VybF9wYWdlIiwic2V0dGluZ3MiOnsicG9zdF9pZCI6IjgxNDU2In19@&#8220; button_text=&#8220;Weiterlesen&#8220; _builder_version=&#8220;4.25.0&#8243; _dynamic_attributes=&#8220;button_url&#8220; _module_preset=&#8220;default&#8220; global_colors_info=&#8220;{}&#8220; button_bg_enable_color__hover=&#8220;on&#8220;][\/et_pb_button][\/et_pb_column][\/et_pb_row][\/et_pb_section]<\/p>\n","protected":false},"excerpt":{"rendered":"<p>2023Jahresberichteditorial Liebe Aktion\u00e4rinnen und Aktion\u00e4reDas Jahr 2023 war f\u00fcr Cremo das Jahr der Metamorphose. Zun\u00e4chst wurde die F\u00fchrungsstruktur verst\u00e4rkt, sei es im Verwaltungsrat mit der Aufnahme von drei neuen Mitgliedern oder in der Gesch\u00e4ftsleitung mit der Schaffung von drei neuen Abteilungen: Supply Chain, Marketing und Informatik. Diese Ver\u00e4nderungen sind f\u00fcr den Erfolg der im Fr\u00fchjahr 2023 eingeleiteten Transformation mit dem Titel CAP 2027 unerl\u00e4sslich und bilden die erste Achse der Unternehmenstransformation. Sie erm\u00f6glichen es, unsere Organisation und unser Betriebsmodell zu optimieren, zu vereinfachen und zu modernisieren, um das Unternehmen besser steuern zu k\u00f6nnen. In diesem Zusammenhang stellt die Einf\u00fchrung eines neuen ERP-Systems eine absolute Priorit\u00e4t dar. Ein erster wichtiger Meilenstein wurde Ende des Jahres mit der Implementierung der Module Finanzen und Lieferanten erreicht. Weitere Projekte wie die Optimierung unseres Gesch\u00e4ftsbereichs &#8222;Petit Cr\u00e9mier&#8220; und die Einf\u00fchrung fehlender oder nicht dokumentierter Prozesse sind im Gange. Die zweite Achse der Unternehmenstransformation ist die Konzentration auf das Kerngesch\u00e4ft, das in der Beschaffung, Verarbeitung und Valorisierung von Milch besteht. Diese Konzentration entlastet uns und erm\u00f6glicht, gezielter zu investieren. Mit der Auslagerung der Transporte unserer Endprodukte an exzellente Partner Anfang 2024, die ohne jegliche Entlassungen erfolgte, hat Cremo einen Meilenstein gesetzt. Dieser wird dank der Kompetenzen [&hellip;]<\/p>\n","protected":false},"author":1,"featured_media":0,"parent":0,"menu_order":0,"comment_status":"closed","ping_status":"closed","template":"","meta":{"_et_pb_use_builder":"on","_et_pb_old_content":"","_et_gb_content_width":"","inline_featured_image":false,"footnotes":""},"class_list":["post-81961","page","type-page","status-publish","hentry"],"_links":{"self":[{"href":"https:\/\/rapportdigital2023.cremo.ch\/de\/wp-json\/wp\/v2\/pages\/81961","targetHints":{"allow":["GET"]}}],"collection":[{"href":"https:\/\/rapportdigital2023.cremo.ch\/de\/wp-json\/wp\/v2\/pages"}],"about":[{"href":"https:\/\/rapportdigital2023.cremo.ch\/de\/wp-json\/wp\/v2\/types\/page"}],"author":[{"embeddable":true,"href":"https:\/\/rapportdigital2023.cremo.ch\/de\/wp-json\/wp\/v2\/users\/1"}],"replies":[{"embeddable":true,"href":"https:\/\/rapportdigital2023.cremo.ch\/de\/wp-json\/wp\/v2\/comments?post=81961"}],"version-history":[{"count":45,"href":"https:\/\/rapportdigital2023.cremo.ch\/de\/wp-json\/wp\/v2\/pages\/81961\/revisions"}],"predecessor-version":[{"id":82735,"href":"https:\/\/rapportdigital2023.cremo.ch\/de\/wp-json\/wp\/v2\/pages\/81961\/revisions\/82735"}],"wp:attachment":[{"href":"https:\/\/rapportdigital2023.cremo.ch\/de\/wp-json\/wp\/v2\/media?parent=81961"}],"curies":[{"name":"wp","href":"https:\/\/api.w.org\/{rel}","templated":true}]}}