{"id":81951,"date":"2024-04-29T09:38:51","date_gmt":"2024-04-29T07:38:51","guid":{"rendered":"https:\/\/rapportdigital2023.cremo.ch\/matiere-premieres\/"},"modified":"2024-05-16T09:13:14","modified_gmt":"2024-05-16T07:13:14","slug":"rohstoffe","status":"publish","type":"page","link":"https:\/\/rapportdigital2023.cremo.ch\/de\/rohstoffe\/","title":{"rendered":"Rohstoffe"},"content":{"rendered":"<p>[et_pb_section fb_built=&#8220;1&#8243; _builder_version=&#8220;4.24.0&#8243; _module_preset=&#8220;default&#8220; global_colors_info=&#8220;{}&#8220;][et_pb_row _builder_version=&#8220;4.24.0&#8243; _module_preset=&#8220;default&#8220; global_colors_info=&#8220;{}&#8220;][et_pb_column type=&#8220;4_4&#8243; _builder_version=&#8220;4.24.0&#8243; _module_preset=&#8220;default&#8220; global_colors_info=&#8220;{}&#8220;][et_pb_image src=&#8220;https:\/\/rapportdigital2023.cremo.ch\/wp-content\/uploads\/2024\/04\/Matiere-premiere-1-1.svg&#8220; title_text=&#8220;Matie\u0300re premie\u0300re&#8220; _builder_version=&#8220;4.24.0&#8243; _module_preset=&#8220;275f05e7-8424-4890-87eb-48a13d260567&#8243; global_colors_info=&#8220;{}&#8220;][\/et_pb_image][et_pb_text _builder_version=&#8220;4.25.0&#8243; _module_preset=&#8220;51179bc7-6cad-417d-b2ff-d6cdde4376af&#8220; global_colors_info=&#8220;{}&#8220;]<\/p>\n<h4>CREMO DIGITALER JAHRESBERICHT \u2013 GESCH\u00c4FTSJAHR 2023<\/h4>\n<h1>Rohstoffe<\/h1>\n<p>[\/et_pb_text][\/et_pb_column][\/et_pb_row][\/et_pb_section][et_pb_section fb_built=&#8220;1&#8243; _builder_version=&#8220;4.25.0&#8243; _module_preset=&#8220;default&#8220; background_enable_color=&#8220;off&#8220; global_colors_info=&#8220;{}&#8220;][et_pb_row column_structure=&#8220;1_2,1_2&#8243; _builder_version=&#8220;4.25.0&#8243; _module_preset=&#8220;default&#8220; custom_css_main_element=&#8220;display: flex;||align-items: center;&#8220; global_colors_info=&#8220;{}&#8220; custom_css_main_element_tablet=&#8220; &#8220; custom_css_main_element_phone=&#8220; &#8220; custom_css_main_element_last_edited=&#8220;on|desktop&#8220;][et_pb_column type=&#8220;1_2&#8243; _builder_version=&#8220;4.25.0&#8243; _module_preset=&#8220;default&#8220; global_colors_info=&#8220;{}&#8220;][et_pb_text _builder_version=&#8220;4.25.0&#8243; _module_preset=&#8220;default&#8220; header_2_text_align=&#8220;left&#8220; module_alignment=&#8220;center&#8220; global_colors_info=&#8220;{}&#8220;]<\/p>\n<h2 class=\"p1\"><strong>Stabilisierung des Milchpreises<\/strong><\/h2>\n<h3 class=\"p1\">Nach dem starken Anstieg im Jahr 2022 hat sich der Milchpreis im Berichtsjahr stabilisiert.<\/h3>\n<p>So betrug der durchschnittliche Milchpreis ab Hof, den Cremo im Jahr 2023 zahlte, CHF 0.7151 pro Kilogramm.<\/p>\n<p class=\"p1\">Der <span class=\"s1\">R\u00fcckgang<\/span> ist auf die Baisse der Proteinpreise auf den internationalen M\u00e4rkten zur\u00fcckzuf\u00fchren. Die von der BO Milch im Jahre 2021 eingef\u00fchrte Exportst\u00fctzung von Milchproteinkonzentrat (MPC-Box) sorgte daf\u00fcr, dass die genannte Baisse nicht voll auf den Milchpreis durchschlug.<\/p>\n<p class=\"p2\">\n<p>[\/et_pb_text][\/et_pb_column][et_pb_column type=&#8220;1_2&#8243; _builder_version=&#8220;4.25.0&#8243; _module_preset=&#8220;default&#8220; global_colors_info=&#8220;{}&#8220;][et_pb_image src=&#8220;https:\/\/rapportdigital2023.cremo.ch\/wp-content\/uploads\/2024\/05\/Evo_rapport_v_DE.svg&#8220; title_text=&#8220;Evo_rapport_v_DE&#8220; _builder_version=&#8220;4.25.0&#8243; _module_preset=&#8220;default&#8220; animation_style=&#8220;slide&#8220; animation_direction=&#8220;right&#8220; animation_duration=&#8220;600ms&#8220; animation_intensity_slide=&#8220;10%&#8220; global_colors_info=&#8220;{}&#8220;][\/et_pb_image][\/et_pb_column][\/et_pb_row][\/et_pb_section][et_pb_section fb_built=&#8220;1&#8243; _builder_version=&#8220;4.25.0&#8243; _module_preset=&#8220;default&#8220; global_colors_info=&#8220;{}&#8220;][et_pb_row _builder_version=&#8220;4.25.0&#8243; _module_preset=&#8220;default&#8220; width=&#8220;50%&#8220; width_tablet=&#8220;80%&#8220; width_phone=&#8220;80%&#8220; width_last_edited=&#8220;on|tablet&#8220; locked=&#8220;off&#8220; global_colors_info=&#8220;{}&#8220;][et_pb_column type=&#8220;4_4&#8243; _builder_version=&#8220;4.25.0&#8243; _module_preset=&#8220;default&#8220; global_colors_info=&#8220;{}&#8220;][et_pb_text _builder_version=&#8220;4.25.0&#8243; _module_preset=&#8220;default&#8220; header_2_text_align=&#8220;left&#8220; module_alignment=&#8220;center&#8220; global_colors_info=&#8220;{}&#8220;]<\/p>\n<h2 class=\"p1\">Verbesserte verf\u00fcgbarkeit von industriemilch und milchfett<\/h2>\n<h3 class=\"p1\">Die von Cremo verarbeitete Milchmenge stieg im Vergleich zum Vorjahr um 6.7<span class=\"s1\">%<\/span>.<\/h3>\n<p>Hauptgrund daf\u00fcr waren Mengenverlagerungen von der gelben in die weisse Linie. Der wachsende Import von ausl\u00e4ndischem K\u00e4se kombiniert mit dem starken Schweizer Franken, der den K\u00e4seexport belastete, sorgten f\u00fcr einen R\u00fcckgang der heimischen K\u00e4seproduktion.<\/p>\n<p>Die verbesserte Versorgungslage bei der Industriemilch wirkte sich positiv auf die Verf\u00fcgbarkeit von Milchfett bzw. Butter aus. Die 2022 bestehende Unterversorgung, welche mit hohen Butterimporten ausgeglichen werden musste, konnte deutlich und schneller als erwartet reduziert werden.<\/p>\n<p>[\/et_pb_text][\/et_pb_column][\/et_pb_row][\/et_pb_section][et_pb_section fb_built=&#8220;1&#8243; _builder_version=&#8220;4.25.0&#8243; _module_preset=&#8220;default&#8220; background_enable_color=&#8220;off&#8220; global_colors_info=&#8220;{}&#8220;][et_pb_row column_structure=&#8220;1_2,1_2&#8243; _builder_version=&#8220;4.25.0&#8243; _module_preset=&#8220;default&#8220; custom_css_main_element=&#8220;display: flex;||align-items: center;&#8220; global_colors_info=&#8220;{}&#8220; custom_css_main_element_last_edited=&#8220;on|tablet&#8220; custom_css_main_element_tablet=&#8220; &#8220; custom_css_main_element_phone=&#8220; &#8222;][et_pb_column type=&#8220;1_2&#8243; _builder_version=&#8220;4.25.0&#8243; _module_preset=&#8220;default&#8220; global_colors_info=&#8220;{}&#8220;][et_pb_text _builder_version=&#8220;4.25.0&#8243; _module_preset=&#8220;default&#8220; header_2_text_align=&#8220;left&#8220; module_alignment=&#8220;center&#8220; custom_margin_tablet=&#8220;||2rem||false|false&#8220; custom_margin_phone=&#8220;||2rem||false|false&#8220; custom_margin_last_edited=&#8220;on|tablet&#8220; global_colors_info=&#8220;{}&#8220;]<\/p>\n<h2 class=\"p1\">Milchgehalte<\/h2>\n<h3>Die Gehalte f\u00fcr Protein und Fett lagen \u00fcber den Vorjahreswerten.<\/h3>\n<p>So lag der durchschnittliche Fettgehalt im Jahr 2023 bei 4,183% und der durchschnittliche Proteingehalt bei dem Rekordwert von 3,372%, was einem Anstieg von 0,582% gegen\u00fcber 2022 entspricht.<\/p>\n<p>[\/et_pb_text][et_pb_text _builder_version=&#8220;4.25.0&#8243; _module_preset=&#8220;default&#8220; header_2_text_align=&#8220;left&#8220; module_alignment=&#8220;center&#8220; custom_margin_tablet=&#8220;||2rem||false|false&#8220; custom_margin_phone=&#8220;||2rem||false|false&#8220; custom_margin_last_edited=&#8220;on|tablet&#8220; global_colors_info=&#8220;{}&#8220;]<\/p>\n<h2><strong>Milchqualit\u00e4t<\/strong><\/h2>\n<p>Die Professionalit\u00e4t unserer Direktlieferanten sorgte einmal mehr f\u00fcr eine erfreuliche Bilanz bei der Milchqualit\u00e4t. So konnte Cremo 491 Auszeichnungen vergeben, darunter 440 Plaketten, 35 Jungviehglocken f\u00fcr 5 Jahre und 16 Glocken f\u00fcr 10 Jahre.<\/p>\n<p>[\/et_pb_text][\/et_pb_column][et_pb_column type=&#8220;1_2&#8243; _builder_version=&#8220;4.25.0&#8243; _module_preset=&#8220;default&#8220; global_colors_info=&#8220;{}&#8220;][et_pb_image src=&#8220;https:\/\/rapportdigital2023.cremo.ch\/wp-content\/uploads\/2024\/05\/Evo_teneur_v_DE.svg&#8220; title_text=&#8220;Evo_teneur_v_DE&#8220; _builder_version=&#8220;4.25.0&#8243; _module_preset=&#8220;default&#8220; animation_style=&#8220;slide&#8220; animation_direction=&#8220;right&#8220; animation_duration=&#8220;600ms&#8220; animation_intensity_slide=&#8220;10%&#8220; global_colors_info=&#8220;{}&#8220;][\/et_pb_image][\/et_pb_column][\/et_pb_row][\/et_pb_section][et_pb_section fb_built=&#8220;1&#8243; _builder_version=&#8220;4.24.0&#8243; _module_preset=&#8220;default&#8220; locked=&#8220;off&#8220; global_colors_info=&#8220;{}&#8220;][et_pb_row _builder_version=&#8220;4.25.0&#8243; _module_preset=&#8220;default&#8220; global_colors_info=&#8220;{}&#8220; custom_css_main_element_tablet=&#8220; &#8220; custom_css_main_element_last_edited=&#8220;off|desktop&#8220; custom_css_main_element_phone=&#8220; &#8222;][et_pb_column type=&#8220;4_4&#8243; _builder_version=&#8220;4.25.0&#8243; _module_preset=&#8220;default&#8220; animation_style=&#8220;slide&#8220; animation_direction=&#8220;left&#8220; animation_duration=&#8220;600ms&#8220; animation_intensity_slide=&#8220;10%&#8220; global_colors_info=&#8220;{}&#8220;][et_pb_image src=&#8220;https:\/\/rapportdigital2023.cremo.ch\/wp-content\/uploads\/2024\/05\/milchverwertung.svg&#8220; title_text=&#8220;milchverwertung&#8220; _builder_version=&#8220;4.25.0&#8243; _module_preset=&#8220;default&#8220; width=&#8220;50%&#8220; width_tablet=&#8220;100%&#8220; width_phone=&#8220;100%&#8220; width_last_edited=&#8220;on|tablet&#8220; global_colors_info=&#8220;{}&#8220;][\/et_pb_image][\/et_pb_column][\/et_pb_row][et_pb_row _builder_version=&#8220;4.25.0&#8243; _module_preset=&#8220;default&#8220; global_colors_info=&#8220;{}&#8220; custom_css_main_element_tablet=&#8220; &#8220; custom_css_main_element_last_edited=&#8220;off|desktop&#8220; custom_css_main_element_phone=&#8220; &#8222;][et_pb_column type=&#8220;4_4&#8243; _builder_version=&#8220;4.25.0&#8243; _module_preset=&#8220;default&#8220; animation_style=&#8220;slide&#8220; animation_direction=&#8220;right&#8220; animation_duration=&#8220;600ms&#8220; animation_intensity_slide=&#8220;10%&#8220; global_colors_info=&#8220;{}&#8220;][et_pb_image src=&#8220;https:\/\/rapportdigital2023.cremo.ch\/wp-content\/uploads\/2024\/05\/Lait_Circle_de-5.svg&#8220; title_text=&#8220;Lait_Circle_de&#8220; align=&#8220;right&#8220; _builder_version=&#8220;4.25.0&#8243; _module_preset=&#8220;default&#8220; width=&#8220;50%&#8220; width_tablet=&#8220;100%&#8220; width_phone=&#8220;100%&#8220; width_last_edited=&#8220;on|tablet&#8220; global_colors_info=&#8220;{}&#8220;][\/et_pb_image][\/et_pb_column][\/et_pb_row][\/et_pb_section]<\/p>\n","protected":false},"excerpt":{"rendered":"<p>CREMO DIGITALER JAHRESBERICHT \u2013 GESCH\u00c4FTSJAHR 2023 RohstoffeStabilisierung des Milchpreises Nach dem starken Anstieg im Jahr 2022 hat sich der Milchpreis im Berichtsjahr stabilisiert. So betrug der durchschnittliche Milchpreis ab Hof, den Cremo im Jahr 2023 zahlte, CHF 0.7151 pro Kilogramm. Der R\u00fcckgang ist auf die Baisse der Proteinpreise auf den internationalen M\u00e4rkten zur\u00fcckzuf\u00fchren. Die von der BO Milch im Jahre 2021 eingef\u00fchrte Exportst\u00fctzung von Milchproteinkonzentrat (MPC-Box) sorgte daf\u00fcr, dass die genannte Baisse nicht voll auf den Milchpreis durchschlug. Verbesserte verf\u00fcgbarkeit von industriemilch und milchfett Die von Cremo verarbeitete Milchmenge stieg im Vergleich zum Vorjahr um 6.7%. Hauptgrund daf\u00fcr waren Mengenverlagerungen von der gelben in die weisse Linie. Der wachsende Import von ausl\u00e4ndischem K\u00e4se kombiniert mit dem starken Schweizer Franken, der den K\u00e4seexport belastete, sorgten f\u00fcr einen R\u00fcckgang der heimischen K\u00e4seproduktion. Die verbesserte Versorgungslage bei der Industriemilch wirkte sich positiv auf die Verf\u00fcgbarkeit von Milchfett bzw. Butter aus. Die 2022 bestehende Unterversorgung, welche mit hohen Butterimporten ausgeglichen werden musste, konnte deutlich und schneller als erwartet reduziert werden.Milchgehalte Die Gehalte f\u00fcr Protein und Fett lagen \u00fcber den Vorjahreswerten. So lag der durchschnittliche Fettgehalt im Jahr 2023 bei 4,183% und der durchschnittliche Proteingehalt bei dem Rekordwert von 3,372%, was einem Anstieg von 0,582% [&hellip;]<\/p>\n","protected":false},"author":1,"featured_media":0,"parent":0,"menu_order":0,"comment_status":"closed","ping_status":"closed","template":"","meta":{"_et_pb_use_builder":"on","_et_pb_old_content":"","_et_gb_content_width":"","inline_featured_image":false,"footnotes":""},"class_list":["post-81951","page","type-page","status-publish","hentry"],"_links":{"self":[{"href":"https:\/\/rapportdigital2023.cremo.ch\/de\/wp-json\/wp\/v2\/pages\/81951","targetHints":{"allow":["GET"]}}],"collection":[{"href":"https:\/\/rapportdigital2023.cremo.ch\/de\/wp-json\/wp\/v2\/pages"}],"about":[{"href":"https:\/\/rapportdigital2023.cremo.ch\/de\/wp-json\/wp\/v2\/types\/page"}],"author":[{"embeddable":true,"href":"https:\/\/rapportdigital2023.cremo.ch\/de\/wp-json\/wp\/v2\/users\/1"}],"replies":[{"embeddable":true,"href":"https:\/\/rapportdigital2023.cremo.ch\/de\/wp-json\/wp\/v2\/comments?post=81951"}],"version-history":[{"count":26,"href":"https:\/\/rapportdigital2023.cremo.ch\/de\/wp-json\/wp\/v2\/pages\/81951\/revisions"}],"predecessor-version":[{"id":82743,"href":"https:\/\/rapportdigital2023.cremo.ch\/de\/wp-json\/wp\/v2\/pages\/81951\/revisions\/82743"}],"wp:attachment":[{"href":"https:\/\/rapportdigital2023.cremo.ch\/de\/wp-json\/wp\/v2\/media?parent=81951"}],"curies":[{"name":"wp","href":"https:\/\/api.w.org\/{rel}","templated":true}]}}